{"id":99,"date":"2017-12-20T07:04:21","date_gmt":"2017-12-20T07:04:21","guid":{"rendered":"https:\/\/wordpress.gradientthemes.com\/brand-shop\/product\/dark-gray-jeans\/"},"modified":"2025-12-05T13:01:44","modified_gmt":"2025-12-05T13:01:44","slug":"nembutal-intihar-sivisi-10000mg-ml","status":"publish","type":"product","link":"https:\/\/poisonshops.com\/tr\/urun-2\/nembutal-intihar-sivisi-10000mg-ml\/","title":{"rendered":"Nembutal \u0130ntihar S\u0131v\u0131s\u0131 10000 mg\/ml"},"content":{"rendered":"<h2>Nembutal \u0130ntihar S\u0131v\u0131s\u0131 10000mg\/ml Sat\u0131n Al\u0131n<\/h2>\n<h3>Nembutal \u0130ntihar Haplar\u0131 ve S\u0131v\u0131s\u0131<\/h3>\n<blockquote><p><strong>Not<\/strong>: Nembutal (Pentobarbital Sodyum), yaln\u0131zca s\u0131k\u0131 t\u0131bbi g\u00f6zetim alt\u0131nda ve ilgili yarg\u0131 alan\u0131n\u0131n yasa ve y\u00f6netmeliklerine g\u00f6re kullan\u0131lmas\u0131 gereken kontroll\u00fc bir maddedir. \u0130ntihar amac\u0131yla kullan\u0131m\u0131 bir\u00e7ok \u00fclkede yasa d\u0131\u015f\u0131d\u0131r ve herhangi bir sa\u011fl\u0131k endi\u015fesi i\u00e7in uygun t\u0131bbi rehberlik almak \u00e7ok \u00f6nemlidir.<\/p><\/blockquote>\n<p>Ge\u00e7erli re\u00e7eteleri olan onayl\u0131 bireyler i\u00e7in y\u00fcksek kaliteli Nembutal Pentobarbital Sodyum \u00fcr\u00fcnlerinin g\u00fcvenilir sa\u011flay\u0131c\u0131s\u0131 Bio Weapons'a ho\u015f geldiniz. Nembutal'\u0131 hem hap hem de s\u0131v\u0131 formlarda sunarak \u00e7e\u015fitli t\u0131bbi ihtiya\u00e7lar i\u00e7in g\u00fcvenilir ve etkili \u00e7\u00f6z\u00fcmler sa\u011fl\u0131yoruz. Kalite, g\u00fcvenlik ve m\u00fc\u015fteri memnuniyetine olan ba\u011fl\u0131l\u0131\u011f\u0131m\u0131z bizi sekt\u00f6rde lider bir tedarik\u00e7i haline getirmi\u015ftir.<\/p>\n<h4><strong>Nembutal \u0130ntihar Haplar\u0131 ve S\u0131v\u0131s\u0131 Nedir?<\/strong><\/h4>\n<p>Pentobarbital Sodyum olarak da bilinen Nembutal, g\u00fc\u00e7l\u00fc yat\u0131\u015ft\u0131r\u0131c\u0131, hipnotik ve antikonv\u00fclsan \u00f6zelliklere sahip bir barbit\u00fcrat ilac\u0131d\u0131r. T\u0131bbi ortamlarda sedasyon, anestezi ve n\u00f6bet kontrol\u00fc dahil olmak \u00fczere \u00e7e\u015fitli ama\u00e7larla kullan\u0131l\u0131r. Nembutal haplar\u0131m\u0131z ve s\u0131v\u0131 form\u00fclasyonlar\u0131m\u0131z maksimum etkinlik ve g\u00fcvenlik i\u00e7in tasarlanm\u0131\u015ft\u0131r.<\/p>\n<h4><strong>Nembutal'\u0131n Kullan\u0131m Alanlar\u0131<\/strong><\/h4>\n<p>Nembutal, a\u015fa\u011f\u0131dakiler de dahil olmak \u00fczere \u00e7e\u015fitli t\u0131bbi ba\u011flamlarda kullan\u0131lmaktad\u0131r:<\/p>\n<ol>\n<li><strong>Sedasyon<\/strong>: Nembutal, t\u0131bbi prosed\u00fcrler uygulanan hastalarda derin sedasyon sa\u011flamak i\u00e7in yayg\u0131n olarak kullan\u0131l\u0131r. H\u0131zl\u0131 etkisi, hastalar\u0131n h\u0131zla rahat bir duruma ula\u015fmas\u0131n\u0131 sa\u011flar.<\/li>\n<li><strong>Anestezi<\/strong>: Cerrahi ortamlarda Nembutal, derin uykuyu tetiklemek, sorunsuz ve a\u011fr\u0131s\u0131z prosed\u00fcrleri kolayla\u015ft\u0131rmak i\u00e7in anestezi \u00f6ncesi bir ajan olarak kullan\u0131l\u0131r.<\/li>\n<li><strong>N\u00f6bet Kontrol\u00fc<\/strong>: Nembutal, merkezi sinir sistemini bask\u0131layarak ve n\u00f6bet aktivitesini azaltarak \u00f6zellikle acil durum senaryolar\u0131nda akut n\u00f6betlerin y\u00f6netiminde etkilidir.<\/li>\n<li><strong>\u00d6tenazi (Veteriner Kullan\u0131m\u0131)<\/strong>: Veteriner hekimlikte Nembutal, hayvanlar\u0131n insanc\u0131l \u00f6tenazisi i\u00e7in kullan\u0131l\u0131r, huzurlu ve ac\u0131s\u0131z bir ge\u00e7i\u015f sa\u011flar.<\/li>\n<\/ol>\n<h4><strong>Kalite ve Safl\u0131k<\/strong><\/h4>\n<p>Bio Weapons olarak, farmas\u00f6tik \u00fcr\u00fcnlerde kalite ve safl\u0131\u011f\u0131n kritik \u00f6nemini anl\u0131yoruz. Nembutal haplar\u0131m\u0131z ve s\u0131v\u0131 form\u00fclasyonlar\u0131m\u0131z sayg\u0131n \u00fcreticilerden temin edilmekte ve s\u0131k\u0131 kalite kontrol s\u00fcre\u00e7lerinden ge\u00e7mektedir. Her parti, en y\u00fcksek end\u00fcstri standartlar\u0131n\u0131 kar\u015f\u0131lad\u0131\u011f\u0131ndan emin olmak i\u00e7in titizlikle test edilir. Bizden Nembutal sat\u0131n ald\u0131\u011f\u0131n\u0131zda, g\u00fcvenli, etkili ve g\u00fcvenilir bir \u00fcr\u00fcn ald\u0131\u011f\u0131n\u0131za g\u00fcvenebilirsiniz.<\/p>\n<h4><strong>Dozaj ve Uygulama<\/strong><\/h4>\n<p>Nembutal kesinlikle bir sa\u011fl\u0131k uzman\u0131 taraf\u0131ndan sa\u011flanan talimatlara g\u00f6re kullan\u0131lmal\u0131d\u0131r. Dozaj ve uygulama y\u00f6ntemi, belirli t\u0131bbi duruma ve bireysel hasta ihtiya\u00e7lar\u0131na g\u00f6re de\u011fi\u015febilir. G\u00fcvenlik ve etkinli\u011fi sa\u011flamak i\u00e7in re\u00e7ete edilen dozu takip etmek \u00e7ok \u00f6nemlidir.<\/p>\n<p><strong>Haz\u0131rlama ve Depolama<\/strong>:<\/p>\n<ul>\n<li><strong>Haz\u0131rl\u0131k<\/strong>: Nembutal haplar\u0131 a\u011f\u0131zdan al\u0131n\u0131rken, s\u0131v\u0131 formu sa\u011fl\u0131k uzman\u0131n\u0131z taraf\u0131ndan belirtildi\u011fi \u015fekilde a\u011f\u0131zdan al\u0131nabilir veya damardan uygulanabilir.<\/li>\n<li><strong>Depolama<\/strong>: Nembutal'\u0131 serin ve kuru bir yerde, do\u011frudan g\u00fcne\u015f \u0131\u015f\u0131\u011f\u0131 ve nemden uzakta saklay\u0131n\u0131z. \u00c7ocuklar\u0131n ve evcil hayvanlar\u0131n ula\u015famayaca\u011f\u0131 bir yerde saklay\u0131n\u0131z.<\/li>\n<\/ul>\n<h4><strong>Yan Etkiler ve \u00d6nlemler<\/strong><\/h4>\n<p>T\u00fcm ila\u00e7lar gibi Nembutal da yan etkilere neden olabilir. Yayg\u0131n yan etkiler aras\u0131nda uyu\u015fukluk, ba\u015f d\u00f6nmesi, mide bulant\u0131s\u0131 ve ba\u015f a\u011fr\u0131s\u0131 bulunur. Nadir durumlarda, solunum depresyonu, hipotansiyon veya alerjik reaksiyonlar gibi daha ciddi yan etkiler ortaya \u00e7\u0131kabilir. Herhangi bir ciddi yan etki g\u00f6r\u00fcld\u00fc\u011f\u00fcnde derhal t\u0131bbi yard\u0131m al\u0131nmas\u0131 \u00f6nemlidir.<\/p>\n<p><strong>\u00d6nlemler<\/strong>:<\/p>\n<ul>\n<li><strong>T\u0131bbi Ge\u00e7mi\u015f<\/strong>: \u00d6zellikle karaci\u011fer hastal\u0131\u011f\u0131, b\u00f6brek hastal\u0131\u011f\u0131 veya solunum rahats\u0131zl\u0131\u011f\u0131 ge\u00e7mi\u015finiz varsa, sa\u011fl\u0131k uzman\u0131n\u0131za t\u00fcm t\u0131bbi ge\u00e7mi\u015finizi bildiriniz.<\/li>\n<li><strong>\u0130la\u00e7 Etkile\u015fimleri<\/strong>: Nembutal, sakinle\u015ftiriciler, opioidler ve alkol dahil olmak \u00fczere di\u011fer ila\u00e7larla etkile\u015fime girebilir. Sa\u011fl\u0131k uzman\u0131n\u0131z\u0131n ald\u0131\u011f\u0131n\u0131z t\u00fcm ila\u00e7lardan haberdar oldu\u011fundan emin olun.<\/li>\n<li><strong>Hamilelik ve Emzirme<\/strong>: Nembutal hamilelik ve emzirme d\u00f6neminde dikkatle kullan\u0131lmal\u0131d\u0131r. Rehberlik i\u00e7in sa\u011fl\u0131k uzman\u0131n\u0131za dan\u0131\u015f\u0131n\u0131z.<\/li>\n<\/ul>\n<p><img decoding=\"async\" class=\"wp-image-463 aligncenter\" src=\"https:\/\/poisonshops.com\/wp-content\/uploads\/2025\/11\/tttt-1-204x300.png\" alt=\"Zehir D\u00fckkan\u0131\" width=\"73\" height=\"107\" srcset=\"https:\/\/poisonshops.com\/wp-content\/uploads\/2025\/11\/tttt-1-204x300.png 204w, https:\/\/poisonshops.com\/wp-content\/uploads\/2025\/11\/tttt-1.png 218w\" sizes=\"(max-width: 73px) 100vw, 73px\" \/><\/p>\n<h4><strong>Neden Biyolojik Silahlar\u0131 Se\u00e7melisiniz?<\/strong><\/h4>\n<ol>\n<li><strong>Kalite G\u00fcvence<\/strong>: Nembutal \u00fcr\u00fcnlerimizin en y\u00fcksek end\u00fcstri standartlar\u0131n\u0131 kar\u015f\u0131lamas\u0131n\u0131 sa\u011flayarak kalite ve g\u00fcvenli\u011fe \u00f6ncelik veriyoruz.<\/li>\n<li><strong>Yetkili Sat\u0131c\u0131lar<\/strong>: Bio Weapons g\u00fcvenilir ve yetkili bir sat\u0131c\u0131d\u0131r, re\u00e7eteli onayl\u0131 ki\u015filere orijinal \u00fcr\u00fcnler sa\u011flar.<\/li>\n<li><strong>G\u00fcvenli \u0130\u015flemler<\/strong>: \u00c7evrimi\u00e7i platformumuz, ki\u015fisel ve finansal bilgilerinizi koruyarak g\u00fcvenli i\u015flemler sa\u011flar.<\/li>\n<li><strong>M\u00fc\u015fteri Deste\u011fi<\/strong>: \u00d6zel m\u00fc\u015fteri destek ekibimiz, profesyonel ve g\u00fcler y\u00fczl\u00fc hizmet sunarak her t\u00fcrl\u00fc soru veya endi\u015fenizde size yard\u0131mc\u0131 olmaya haz\u0131rd\u0131r.<\/li>\n<li><strong>Zaman\u0131nda Teslimat<\/strong>: Zaman\u0131nda teslimat\u0131n \u00f6nemini anl\u0131yoruz. Etkin nakliye s\u00fcrecimiz, Nembutal \u00fcr\u00fcnlerinizi h\u0131zl\u0131 ve gizli bir \u015fekilde alman\u0131z\u0131 sa\u011flar.<\/li>\n<\/ol>\n<h4><strong>Sonu\u00e7<\/strong><\/h4>\n<p>Bio Weapons, y\u00fcksek kaliteli Nembutal Pentobarbital Sodyum haplar\u0131 ve s\u0131v\u0131lar\u0131 i\u00e7in g\u00fcvenilir kayna\u011f\u0131n\u0131zd\u0131r. Ge\u00e7erli re\u00e7eteleri olan onayl\u0131 ki\u015filere g\u00fcvenli, etkili ve g\u00fcvenilir \u00fcr\u00fcnler sa\u011flamay\u0131 taahh\u00fct ediyoruz. Kaliteye, m\u00fc\u015fteri memnuniyetine ve g\u00fcvenli i\u015flemlere odaklanmam\u0131z bizi sekt\u00f6rde farkl\u0131 k\u0131lmaktad\u0131r. Bio Weapons'da g\u00fcvenle al\u0131\u015fveri\u015f yap\u0131n ve kalite ve hizmet fark\u0131n\u0131 ya\u015fay\u0131n.<\/p>\n<p><strong>Nembutal Pentobarbital Sodyum haplar\u0131n\u0131z\u0131 veya s\u0131v\u0131n\u0131z\u0131 bug\u00fcn sipari\u015f edin<\/strong> ve t\u0131bbi ihtiya\u00e7lar\u0131 i\u00e7in Bio Weapons'a g\u00fcvenen memnun m\u00fc\u015fterilerimize kat\u0131l\u0131n. Sa\u011fl\u0131\u011f\u0131n\u0131z ve g\u00fcvenli\u011finiz bizim en \u00f6nemli \u00f6nceliklerimizdir.<\/p>\n<p>Bio Weapons'dan y\u00fcksek kaliteli Nembutal Pentobarbital Sodyum haplar\u0131 ve s\u0131v\u0131lar\u0131 sat\u0131n al\u0131n. Yaln\u0131zca re\u00e7eteli bireyler i\u00e7in onaylanm\u0131\u015ft\u0131r. G\u00fcvenli sat\u0131n alma, h\u0131zl\u0131 teslimat ve m\u00fc\u015fteri memnuniyeti garantisi.<\/p>\n<h4><img decoding=\"async\" class=\"wp-image-502 aligncenter\" src=\"https:\/\/poisonshops.com\/wp-content\/uploads\/2025\/11\/Bio-Weapons-240x300.png\" alt=\"Biyolojik Silahlar\" width=\"68\" height=\"85\" srcset=\"https:\/\/poisonshops.com\/wp-content\/uploads\/2025\/11\/Bio-Weapons-240x300.png 240w, https:\/\/poisonshops.com\/wp-content\/uploads\/2025\/11\/Bio-Weapons.png 265w\" sizes=\"(max-width: 68px) 100vw, 68px\" \/><\/h4>\n<ol>\n<li>Nembutal Pentobarbital Hap ve S\u0131v\u0131s\u0131n\u0131 Online Sat\u0131n Al\u0131n<\/li>\n<li>T\u0131bbi Kullan\u0131m i\u00e7in Y\u00fcksek Kaliteli Nembutal Hap ve S\u0131v\u0131<\/li>\n<li>Nembutal Pentobarbital G\u00fcvenle Sat\u0131n Al\u0131n<\/li>\n<li>Nembutal Hap ve S\u0131v\u0131 i\u00e7in G\u00fcvenilir Kaynak<\/li>\n<li>Nembutal Pentobarbital'i G\u00fcvenle Sipari\u015f Edin<\/li>\n<li>Nembutal Hap ve S\u0131v\u0131 H\u0131zl\u0131 Teslimat<\/li>\n<li>Nembutal Pentobarbital'in G\u00fcvenilir Tedarik\u00e7isi<\/li>\n<li>Sat\u0131l\u0131k Otantik Nembutal Hap ve S\u0131v\u0131<\/li>\n<li>Nembutal'\u0131 Yetkili Sat\u0131c\u0131lardan Sat\u0131n Al\u0131n<\/li>\n<li>Nembutal Pentobarbital Sat\u0131n Almak \u0130\u00e7in En \u0130yi Yer<\/li>\n<\/ol>\n<h4><\/h4>\n<p>Nembutal Pentobarbital Sodyum, Nembutal haplar\u0131 sat\u0131n al, Nembutal s\u0131v\u0131s\u0131 sat\u0131n al, Sat\u0131l\u0131k Nembutal, Y\u00fcksek kaliteli Nembutal, G\u00fcvenli Nembutal sat\u0131n alma, T\u0131bbi kullan\u0131m i\u00e7in Nembutal, Nembutal i\u00e7in g\u00fcvenilir kaynak, Yasal olarak Nembutal sat\u0131n al, Re\u00e7eteli Nembutal, Sedasyon i\u00e7in Nembutal, Nembutal haplar\u0131 sipari\u015f et, Anestezi i\u00e7in Nembutal, Orijinal Nembutal s\u0131v\u0131s\u0131, Nembutal teslimat\u0131, G\u00fcvenilir Nembutal sat\u0131c\u0131s\u0131, G\u00fcvenli Nembutal sat\u0131n al, Orijinal Nembutal, Nembutal tedarik\u00e7isi, ABD'de Nembutal, Nembutal bulunabilirli\u011fi, H\u0131zl\u0131 Nembutal teslimat\u0131, Kaliteli Nembutal, Nembutal eczane, N\u00f6betler i\u00e7in Nembutal, Online Nembutal sat\u0131n al, G\u00fcvenli Nembutal sat\u0131n al, Profesyoneller i\u00e7in Nembutal, G\u00fcvenilir Nembutal kayna\u011f\u0131, Nembutal d\u00fcnya \u00e7ap\u0131nda nakliye<\/p>\n<h4>Sat\u0131l\u0131k Nembutal \u0130ntihar S\u0131v\u0131s\u0131 10000mg\/ml<\/h4>\n<p><img decoding=\"async\" class=\"wp-image-176 aligncenter\" src=\"https:\/\/poisonshops.com\/wp-content\/uploads\/2025\/11\/poison_shop_logo-300x171.png\" alt=\"Zehir D\u00fckkanlar\u0131\" width=\"112\" height=\"64\" srcset=\"https:\/\/poisonshops.com\/wp-content\/uploads\/2025\/11\/poison_shop_logo-300x171.png 300w, https:\/\/poisonshops.com\/wp-content\/uploads\/2025\/11\/poison_shop_logo.png 563w\" sizes=\"(max-width: 112px) 100vw, 112px\" \/><\/p>","protected":false},"excerpt":{"rendered":"<p>Buy Nembutal Suicide Liquid 10000mg\/ml Nembutal Suicide Pills and Liquid Note: Nembutal (Pentobarbital Sodium) is a controlled substance that should only be used under strict medical supervision and according to the laws and regulations of the relevant jurisdiction. Its use for suicide is illegal in many countries, and it is crucial to seek proper medical [&hellip;]<\/p>\n","protected":false},"featured_media":256,"comment_status":"open","ping_status":"closed","template":"","meta":[],"product_brand":[],"product_cat":[18],"product_tag":[],"class_list":{"0":"post-99","1":"product","2":"type-product","3":"status-publish","4":"has-post-thumbnail","6":"product_cat-buy-nembutal-pentobarbital","8":"first","9":"instock","10":"shipping-taxable","11":"purchasable","12":"product-type-variable"},"_links":{"self":[{"href":"https:\/\/poisonshops.com\/tr\/wp-json\/wp\/v2\/product\/99","targetHints":{"allow":["GET"]}}],"collection":[{"href":"https:\/\/poisonshops.com\/tr\/wp-json\/wp\/v2\/product"}],"about":[{"href":"https:\/\/poisonshops.com\/tr\/wp-json\/wp\/v2\/types\/product"}],"replies":[{"embeddable":true,"href":"https:\/\/poisonshops.com\/tr\/wp-json\/wp\/v2\/comments?post=99"}],"wp:featuredmedia":[{"embeddable":true,"href":"https:\/\/poisonshops.com\/tr\/wp-json\/wp\/v2\/media\/256"}],"wp:attachment":[{"href":"https:\/\/poisonshops.com\/tr\/wp-json\/wp\/v2\/media?parent=99"}],"wp:term":[{"taxonomy":"product_brand","embeddable":true,"href":"https:\/\/poisonshops.com\/tr\/wp-json\/wp\/v2\/product_brand?post=99"},{"taxonomy":"product_cat","embeddable":true,"href":"https:\/\/poisonshops.com\/tr\/wp-json\/wp\/v2\/product_cat?post=99"},{"taxonomy":"product_tag","embeddable":true,"href":"https:\/\/poisonshops.com\/tr\/wp-json\/wp\/v2\/product_tag?post=99"}],"curies":[{"name":"wp","href":"https:\/\/api.w.org\/{rel}","templated":true}]}}